{"id":154,"date":"2017-11-27T13:47:53","date_gmt":"2017-11-27T15:47:53","guid":{"rendered":"http:\/\/localhost\/jlc.com.pt\/wordpress\/?page_id=154"},"modified":"2018-01-22T15:39:24","modified_gmt":"2018-01-22T15:39:24","slug":"outsourcing-de-limpeza","status":"publish","type":"page","link":"https:\/\/jlc.com.pt\/?page_id=154","title":{"rendered":"Outsourcing de Limpeza"},"content":{"rendered":"\t\t<div data-elementor-type=\"wp-page\" data-elementor-id=\"154\" class=\"elementor elementor-154 elementor-bc-flex-widget\">\n\t\t\t\t\t\t<section class=\"elementor-section elementor-top-section elementor-element elementor-element-d2c6734 elementor-section-boxed elementor-section-height-default elementor-section-height-default\" data-id=\"d2c6734\" data-element_type=\"section\">\n\t\t\t\t\t\t<div class=\"elementor-container elementor-column-gap-default\">\n\t\t\t\t\t<div class=\"elementor-column elementor-col-100 elementor-top-column elementor-element elementor-element-03bbfca\" data-id=\"03bbfca\" data-element_type=\"column\">\n\t\t\t<div class=\"elementor-widget-wrap elementor-element-populated\">\n\t\t\t\t\t\t<div class=\"elementor-element elementor-element-e1b9c09 elementor-widget elementor-widget-text-editor\" data-id=\"e1b9c09\" data-element_type=\"widget\" data-widget_type=\"text-editor.default\">\n\t\t\t\t<div class=\"elementor-widget-container\">\n\t\t\t\t\t\t\t\t\t<p>A empresa est\u00e1 preparada para prestar servi\u00e7os de <strong>Outsourcing de Limpeza<\/strong> nos mais variados sectores de actividade e tipos de edif\u00edcios como: Escrit\u00f3rios, Armaz\u00e9ns, F\u00e1bricas, Lojas, Mercados entre outros.<br \/>Na <strong>JLC Servi\u00e7os de Limpeza<\/strong>, visamos o bem estar do cliente disponibilizando uma equipa de resposi\u00e7\u00e3o, qualificada e os melhores produtos e equipamentos do mercado.<br \/>O servi\u00e7o de Outsourcing de Limpeza oferecido pela JLC tem por objetivo reduzir os custos do cliente em especial com o pessoal, com produtos e com equipamentos espec\u00edficos.<br \/><br \/>Solicite uma cota\u00e7\u00e3o dos nossos servi\u00e7os e usufrua do melhor da limpeza!<\/p>\t\t\t\t\t\t\t\t<\/div>\n\t\t\t\t<\/div>\n\t\t\t\t\t<\/div>\n\t\t<\/div>\n\t\t\t\t\t<\/div>\n\t\t<\/section>\n\t\t\t\t<\/div>\n\t\t","protected":false},"excerpt":{"rendered":"<p>A empresa est\u00e1 preparada para prestar servi\u00e7os de Outsourcing de Limpeza nos mais variados sectores de actividade e tipos de edif\u00edcios como: Escrit\u00f3rios, Armaz\u00e9ns, F\u00e1bricas, Lojas, Mercados entre outros.Na JLC Servi\u00e7os de Limpeza, visamos o bem estar do cliente disponibilizando uma equipa de resposi\u00e7\u00e3o, qualificada e os melhores produtos e equipamentos do mercado.O servi\u00e7o de&hellip; <br \/> <a class=\"read-more\" href=\"https:\/\/jlc.com.pt\/?page_id=154\">Read more<\/a><\/p>\n","protected":false},"author":3,"featured_media":0,"parent":0,"menu_order":0,"comment_status":"closed","ping_status":"closed","template":"","meta":{"footnotes":""},"class_list":["post-154","page","type-page","status-publish","hentry"],"_links":{"self":[{"href":"https:\/\/jlc.com.pt\/index.php?rest_route=\/wp\/v2\/pages\/154","targetHints":{"allow":["GET"]}}],"collection":[{"href":"https:\/\/jlc.com.pt\/index.php?rest_route=\/wp\/v2\/pages"}],"about":[{"href":"https:\/\/jlc.com.pt\/index.php?rest_route=\/wp\/v2\/types\/page"}],"author":[{"embeddable":true,"href":"https:\/\/jlc.com.pt\/index.php?rest_route=\/wp\/v2\/users\/3"}],"replies":[{"embeddable":true,"href":"https:\/\/jlc.com.pt\/index.php?rest_route=%2Fwp%2Fv2%2Fcomments&post=154"}],"version-history":[{"count":5,"href":"https:\/\/jlc.com.pt\/index.php?rest_route=\/wp\/v2\/pages\/154\/revisions"}],"predecessor-version":[{"id":263,"href":"https:\/\/jlc.com.pt\/index.php?rest_route=\/wp\/v2\/pages\/154\/revisions\/263"}],"wp:attachment":[{"href":"https:\/\/jlc.com.pt\/index.php?rest_route=%2Fwp%2Fv2%2Fmedia&parent=154"}],"curies":[{"name":"wp","href":"https:\/\/api.w.org\/{rel}","templated":true}]}}